
{"id":2523,"date":"2026-04-02T12:09:48","date_gmt":"2026-04-02T10:09:48","guid":{"rendered":"https:\/\/rsrbike.epartenaire.com\/?page_id=2523"},"modified":"2026-04-09T15:59:16","modified_gmt":"2026-04-09T13:59:16","slug":"nos-produits","status":"publish","type":"page","link":"https:\/\/velo-electrique-location.fr\/index.php\/nos-produits\/","title":{"rendered":"Nos produits"},"content":{"rendered":"<div class=\"wpb-content-wrapper\">[vc_row css_animation=\u00a0\u00bbfadeInUpBig\u00a0\u00bb][vc_column]<div class=\"cws_spacing cws_spacing_size_sm_desctop-on cws_spacing_tablet-on cws_spacing_mobile-on\"><div class=\"cws_spacing cws_spacing_default\" style=\"height:60px;\"><\/div> <div class=\"cws_spacing cws_spacing_size_sm_desctop\" style=\"height:90px;\"><\/div> <div class=\"cws_spacing cws_spacing_tablet\" style=\"height:90px;\"><\/div> <div class=\"cws_spacing cws_spacing_mobile\" style=\"height:50px;\"><\/div><\/div><div class='cws_textmodule cws_vc_shortcode_module' id='cws_textmodule_69ddd5807864c'><div class='cws_textmodule_wrapper'><div class='cws_textmodule_text text_align_center'><div class='cws_textmodule_titles'><div class='cws_textmodule_subtitle_wrapper with_decor'><span class='subtitle-dots left'><\/span><span class='subtitile_left_line'><\/span><h4 class='cws_textmodule_subtitle'>*****<\/h4><span class='subtitile_right_line'><\/span><span class='subtitle-dots right'><\/span><\/div><h2 class='cws_textmodule_title large'>Louer nos v\u00e9los \u00e9lectriques \u00e0 Grimaud, avec casque et sacoche design<\/h2><\/div><\/div><\/div><\/div><div class=\"cws_spacing cws_spacing_size_sm_desctop-on cws_spacing_tablet-on cws_spacing_mobile-on\"><div class=\"cws_spacing cws_spacing_default\" style=\"height:30px;\"><\/div> <div class=\"cws_spacing cws_spacing_size_sm_desctop\" style=\"height:30px;\"><\/div> <div class=\"cws_spacing cws_spacing_tablet\" style=\"height:30px;\"><\/div> <div class=\"cws_spacing cws_spacing_mobile\" style=\"height:20px;\"><\/div><\/div>[vc_row_inner][vc_column_inner width=\u00a0\u00bb1\/3&Prime;]<div id='cws_info_69ddd58078912' class='cws_info_wrapper star_divider style_3' ><div class='cws_info_title'>\n\t\t\t\t\t\t<svg class=\"left-shape\" width=\"78\" height=\"52\">\n\t\t\t\t\t\t\t<defs>\n\t\t\t\t\t\t\t  <pattern id=\"pattern_69ddd58078913\" patternUnits=\"objectBoundingBox\" width=\"100%\" height=\"100%\">\n\t\t\t\t\t\t\t  \t<rect class=\"rect-pattern\" x=\"0\" y=\"0\" width=\"100%\" height=\"100%\" stroke-width=\"0\" \/>\n\t\t\t\t\t\t\t    <image href=\"https:\/\/velo-electrique-location.fr\/wp-content\/themes\/vintclub\/img\/patterns\/shape_pattern.png\" x=\"0\" y=\"0\" width=\"100%\" height=\"100%\" \/>\n\t\t\t\t\t\t\t    <rect x=\"0\" y=\"0\" width=\"100%\" height=\"100%\" stroke-width=\"0\" fill=\"rgba(0,0,0,.15)\" \/>\n\t\t\t\t\t\t\t  <\/pattern>\n\t\t\t\t\t\t\t<\/defs>\n\n\t\t\t\t\t\t\t<path id=\"svg_69ddd58078915\" d=\"M0.7,0.2l12,25.9L0.7,51.5l76.9,0.1l0.1-51.2C77.6,0.4,0.7,0.2,0.7,0.2z\" fill=\"url(#pattern_69ddd58078913)\" \/>\n\t\t\t\t\t\t<\/svg>\n\t\t\t\t\tLE BIKE\n\t\t\t\t\t\t<svg class=\"right-shape\" width=\"78\" height=\"52\">\n\t\t\t\t\t\t\t<defs>\n\t\t\t\t\t\t\t  <pattern id=\"pattern_69ddd58078914\" patternUnits=\"userSpaceOnUse\" width=\"100%\" height=\"100%\">\n\t\t\t\t\t\t\t  \t<rect class=\"rect-pattern\" x=\"0\" y=\"0\" width=\"100%\" height=\"100%\" stroke-width=\"0\" \/>\n\t\t\t\t\t\t\t    <image href=\"https:\/\/velo-electrique-location.fr\/wp-content\/themes\/vintclub\/img\/patterns\/shape_pattern.png\" x=\"0\" y=\"0\" width=\"100%\" height=\"100%\" \/>\n\t\t\t\t\t\t\t    <rect x=\"0\" y=\"0\" width=\"100%\" height=\"100%\" stroke-width=\"0\" fill=\"rgba(0,0,0,.15)\" \/>\n\t\t\t\t\t\t\t  <\/pattern>\n\t\t\t\t\t\t\t<\/defs>\n\n\t\t\t\t\t\t\t<path id=\"svg_69ddd58078916\" d=\"M0,0.4L0,51.6l76.9-0.1L64.9,26.1l12-25.9C76.8,0.2,0,0.4,0,0.4z\" fill=\"url(#pattern_69ddd58078914)\" \/>\n\t\t\t\t\t\t<\/svg>\n\t\t\t\t\t<\/div><div class='cws_info_img'><img src=https:\/\/velo-electrique-location.fr\/wp-content\/uploads\/2025\/07\/Velo-detoure-2-scaled.png alt=image><\/div><div class='cws_content'><div class='divider_desc'>Monster Pro Max<\/div><p style=\"text-align: center;\">Puissance, autonomie et performance extr\u00eame, pr\u00eat \u00e0 dominer tous les terrains.<\/p>\n<\/div><\/div>[\/vc_column_inner][vc_column_inner width=\u00a0\u00bb1\/3&Prime;]<div id='cws_info_69ddd58078ba9' class='cws_info_wrapper star_divider style_3' ><div class='cws_info_title'>\n\t\t\t\t\t\t<svg class=\"left-shape\" width=\"78\" height=\"52\">\n\t\t\t\t\t\t\t<defs>\n\t\t\t\t\t\t\t  <pattern id=\"pattern_69ddd58078baa\" patternUnits=\"objectBoundingBox\" width=\"100%\" height=\"100%\">\n\t\t\t\t\t\t\t  \t<rect class=\"rect-pattern\" x=\"0\" y=\"0\" width=\"100%\" height=\"100%\" stroke-width=\"0\" \/>\n\t\t\t\t\t\t\t    <image href=\"https:\/\/velo-electrique-location.fr\/wp-content\/themes\/vintclub\/img\/patterns\/shape_pattern.png\" x=\"0\" y=\"0\" width=\"100%\" height=\"100%\" \/>\n\t\t\t\t\t\t\t    <rect x=\"0\" y=\"0\" width=\"100%\" height=\"100%\" stroke-width=\"0\" fill=\"rgba(0,0,0,.15)\" \/>\n\t\t\t\t\t\t\t  <\/pattern>\n\t\t\t\t\t\t\t<\/defs>\n\n\t\t\t\t\t\t\t<path id=\"svg_69ddd58078bac\" d=\"M0.7,0.2l12,25.9L0.7,51.5l76.9,0.1l0.1-51.2C77.6,0.4,0.7,0.2,0.7,0.2z\" fill=\"url(#pattern_69ddd58078baa)\" \/>\n\t\t\t\t\t\t<\/svg>\n\t\t\t\t\tLE CASQUE\n\t\t\t\t\t\t<svg class=\"right-shape\" width=\"78\" height=\"52\">\n\t\t\t\t\t\t\t<defs>\n\t\t\t\t\t\t\t  <pattern id=\"pattern_69ddd58078bab\" patternUnits=\"userSpaceOnUse\" width=\"100%\" height=\"100%\">\n\t\t\t\t\t\t\t  \t<rect class=\"rect-pattern\" x=\"0\" y=\"0\" width=\"100%\" height=\"100%\" stroke-width=\"0\" \/>\n\t\t\t\t\t\t\t    <image href=\"https:\/\/velo-electrique-location.fr\/wp-content\/themes\/vintclub\/img\/patterns\/shape_pattern.png\" x=\"0\" y=\"0\" width=\"100%\" height=\"100%\" \/>\n\t\t\t\t\t\t\t    <rect x=\"0\" y=\"0\" width=\"100%\" height=\"100%\" stroke-width=\"0\" fill=\"rgba(0,0,0,.15)\" \/>\n\t\t\t\t\t\t\t  <\/pattern>\n\t\t\t\t\t\t\t<\/defs>\n\n\t\t\t\t\t\t\t<path id=\"svg_69ddd58078bad\" d=\"M0,0.4L0,51.6l76.9-0.1L64.9,26.1l12-25.9C76.8,0.2,0,0.4,0,0.4z\" fill=\"url(#pattern_69ddd58078bab)\" \/>\n\t\t\t\t\t\t<\/svg>\n\t\t\t\t\t<\/div><div class='cws_info_img'><img src=https:\/\/velo-electrique-location.fr\/wp-content\/uploads\/2025\/07\/Casque-detoure2-scaled.png alt=image><\/div><div class='cws_content'><div class='divider_desc'>Casque RSR<\/div><p style=\"text-align: center;\">Confort, s\u00e9curit\u00e9 et style pour toutes vos sorties.<\/p>\n<\/div><\/div>[\/vc_column_inner][vc_column_inner width=\u00a0\u00bb1\/3&Prime;]<div id='cws_info_69ddd58078e37' class='cws_info_wrapper star_divider style_3' ><div class='cws_info_title'>\n\t\t\t\t\t\t<svg class=\"left-shape\" width=\"78\" height=\"52\">\n\t\t\t\t\t\t\t<defs>\n\t\t\t\t\t\t\t  <pattern id=\"pattern_69ddd58078e38\" patternUnits=\"objectBoundingBox\" width=\"100%\" height=\"100%\">\n\t\t\t\t\t\t\t  \t<rect class=\"rect-pattern\" x=\"0\" y=\"0\" width=\"100%\" height=\"100%\" stroke-width=\"0\" \/>\n\t\t\t\t\t\t\t    <image href=\"https:\/\/velo-electrique-location.fr\/wp-content\/themes\/vintclub\/img\/patterns\/shape_pattern.png\" x=\"0\" y=\"0\" width=\"100%\" height=\"100%\" \/>\n\t\t\t\t\t\t\t    <rect x=\"0\" y=\"0\" width=\"100%\" height=\"100%\" stroke-width=\"0\" fill=\"rgba(0,0,0,.15)\" \/>\n\t\t\t\t\t\t\t  <\/pattern>\n\t\t\t\t\t\t\t<\/defs>\n\n\t\t\t\t\t\t\t<path id=\"svg_69ddd58078e3a\" d=\"M0.7,0.2l12,25.9L0.7,51.5l76.9,0.1l0.1-51.2C77.6,0.4,0.7,0.2,0.7,0.2z\" fill=\"url(#pattern_69ddd58078e38)\" \/>\n\t\t\t\t\t\t<\/svg>\n\t\t\t\t\tSACOCHE\n\t\t\t\t\t\t<svg class=\"right-shape\" width=\"78\" height=\"52\">\n\t\t\t\t\t\t\t<defs>\n\t\t\t\t\t\t\t  <pattern id=\"pattern_69ddd58078e39\" patternUnits=\"userSpaceOnUse\" width=\"100%\" height=\"100%\">\n\t\t\t\t\t\t\t  \t<rect class=\"rect-pattern\" x=\"0\" y=\"0\" width=\"100%\" height=\"100%\" stroke-width=\"0\" \/>\n\t\t\t\t\t\t\t    <image href=\"https:\/\/velo-electrique-location.fr\/wp-content\/themes\/vintclub\/img\/patterns\/shape_pattern.png\" x=\"0\" y=\"0\" width=\"100%\" height=\"100%\" \/>\n\t\t\t\t\t\t\t    <rect x=\"0\" y=\"0\" width=\"100%\" height=\"100%\" stroke-width=\"0\" fill=\"rgba(0,0,0,.15)\" \/>\n\t\t\t\t\t\t\t  <\/pattern>\n\t\t\t\t\t\t\t<\/defs>\n\n\t\t\t\t\t\t\t<path id=\"svg_69ddd58078e3b\" d=\"M0,0.4L0,51.6l76.9-0.1L64.9,26.1l12-25.9C76.8,0.2,0,0.4,0,0.4z\" fill=\"url(#pattern_69ddd58078e39)\" \/>\n\t\t\t\t\t\t<\/svg>\n\t\t\t\t\t<\/div><div class='cws_info_img'><img src=https:\/\/velo-electrique-location.fr\/wp-content\/uploads\/2025\/07\/sacoche-3651_2738-scaled.png alt=image><\/div><div class='cws_content'><div class='divider_desc'>Sacoche RSR<\/div><p style=\"text-align: center;\">Pratique et robuste, emportez l\u2019essentiel partout<\/p>\n<\/div><\/div>[\/vc_column_inner][\/vc_row_inner]<div class=\"cws_spacing cws_spacing_size_sm_desctop-on cws_spacing_tablet-on cws_spacing_mobile-on\"><div class=\"cws_spacing cws_spacing_default\" style=\"height:140px;\"><\/div> <div class=\"cws_spacing cws_spacing_size_sm_desctop\" style=\"height:140px;\"><\/div> <div class=\"cws_spacing cws_spacing_tablet\" style=\"height:80px;\"><\/div> <div class=\"cws_spacing cws_spacing_mobile\" style=\"height:50px;\"><\/div><\/div>[\/vc_column][\/vc_row][vc_row][vc_column][vc_column_inner css=\u00a0\u00bb.vc_custom_1775226459167{margin-bottom: 50px !important;}\u00a0\u00bb][vc_column_text css=\u00a0\u00bb\u00a0\u00bb]Location de v\u00e9los \u00e9lectriques Fatbike sur le Golfe de Saint-Tropez, \u00e0 partir de notre boutique de Grimaud pour visiter Port-Grimaud, Sainte-Maxime, Saint-Tropez, Ramatuelle, Cogolin, La Foux, La Croix-Valmer, Gassin et les plages de Pampelone, de Tahiti, de l\u2019Escalet ou de la Nartelle.[\/vc_column_text][\/vc_column_inner][\/vc_column][\/vc_row]\n<\/div>","protected":false},"excerpt":{"rendered":"<p>[vc_row css_animation=\u00a0\u00bbfadeInUpBig\u00a0\u00bb][vc_column][vc_row_inner][vc_column_inner width=\u00a0\u00bb1\/3&Prime;][\/vc_column_inner][vc_column_inner width=\u00a0\u00bb1\/3&Prime;][\/vc_column_inner][vc_column_inner width=\u00a0\u00bb1\/3&Prime;][\/vc_column_inner][\/vc_row_inner][\/vc_column][\/vc_row][vc_row][vc_column][vc_column_inner css=\u00a0\u00bb.vc_custom_1775226459167{margin-bottom: 50px !important;}\u00a0\u00bb][vc_column_text css=\u00a0\u00bb\u00a0\u00bb]Location de v\u00e9los \u00e9lectriques Fatbike sur le Golfe de Saint-Tropez, \u00e0 partir de notre boutique de Grimaud pour visiter Port-Grimaud, Sainte-Maxime, Saint-Tropez, Ramatuelle, Cogolin, La Foux, La Croix-Valmer, Gassin et les plages de Pampelone, de Tahiti, de l\u2019Escalet ou de la Nartelle.[\/vc_column_text][\/vc_column_inner][\/vc_column][\/vc_row]<\/p>\n","protected":false},"author":3,"featured_media":0,"parent":0,"menu_order":0,"comment_status":"closed","ping_status":"closed","template":"","meta":{"footnotes":""},"class_list":["post-2523","page","type-page","status-publish","hentry"],"yoast_head":"<!-- This site is optimized with the Yoast SEO plugin v27.3 - https:\/\/yoast.com\/product\/yoast-seo-wordpress\/ -->\n<title>Location V\u00e9lo \u00e9lectrique Grimaud Sainte-Maxime Saint-Tropez<\/title>\n<meta name=\"description\" content=\"D\u00e9couvrez nos v\u00e9los Fatbikes \u00e9lectriques et accessoires \u00e0 Saint-Tropez, Grimaud, Sainte-Maxime. Performance, confort &amp; s\u00e9curit\u00e9 avec RSR Bike.\" \/>\n<meta name=\"robots\" content=\"index, follow, max-snippet:-1, max-image-preview:large, max-video-preview:-1\" \/>\n<link rel=\"canonical\" href=\"https:\/\/velo-electrique-location.fr\/index.php\/nos-produits\/\" \/>\n<meta property=\"og:locale\" content=\"fr_FR\" \/>\n<meta property=\"og:type\" content=\"article\" \/>\n<meta property=\"og:title\" content=\"Location V\u00e9lo \u00e9lectrique Grimaud Sainte-Maxime Saint-Tropez\" \/>\n<meta property=\"og:description\" content=\"D\u00e9couvrez nos v\u00e9los Fatbikes \u00e9lectriques et accessoires \u00e0 Saint-Tropez, Grimaud, Sainte-Maxime. Performance, confort &amp; s\u00e9curit\u00e9 avec RSR Bike.\" \/>\n<meta property=\"og:url\" content=\"https:\/\/velo-electrique-location.fr\/index.php\/nos-produits\/\" \/>\n<meta property=\"og:site_name\" content=\"RSR Bike\" \/>\n<meta property=\"article:modified_time\" content=\"2026-04-09T13:59:16+00:00\" \/>\n<meta name=\"twitter:card\" content=\"summary_large_image\" \/>\n<meta name=\"twitter:label1\" content=\"Dur\u00e9e de lecture estim\u00e9e\" \/>\n\t<meta name=\"twitter:data1\" content=\"1 minute\" \/>\n<script type=\"application\/ld+json\" class=\"yoast-schema-graph\">{\"@context\":\"https:\\\/\\\/schema.org\",\"@graph\":[{\"@type\":\"WebPage\",\"@id\":\"https:\\\/\\\/velo-electrique-location.fr\\\/index.php\\\/nos-produits\\\/\",\"url\":\"https:\\\/\\\/velo-electrique-location.fr\\\/index.php\\\/nos-produits\\\/\",\"name\":\"Location V\u00e9lo \u00e9lectrique Grimaud Sainte-Maxime Saint-Tropez\",\"isPartOf\":{\"@id\":\"https:\\\/\\\/velo-electrique-location.fr\\\/#website\"},\"datePublished\":\"2026-04-02T10:09:48+00:00\",\"dateModified\":\"2026-04-09T13:59:16+00:00\",\"description\":\"D\u00e9couvrez nos v\u00e9los Fatbikes \u00e9lectriques et accessoires \u00e0 Saint-Tropez, Grimaud, Sainte-Maxime. Performance, confort & s\u00e9curit\u00e9 avec RSR Bike.\",\"breadcrumb\":{\"@id\":\"https:\\\/\\\/velo-electrique-location.fr\\\/index.php\\\/nos-produits\\\/#breadcrumb\"},\"inLanguage\":\"fr-FR\",\"potentialAction\":[{\"@type\":\"ReadAction\",\"target\":[\"https:\\\/\\\/velo-electrique-location.fr\\\/index.php\\\/nos-produits\\\/\"]}]},{\"@type\":\"BreadcrumbList\",\"@id\":\"https:\\\/\\\/velo-electrique-location.fr\\\/index.php\\\/nos-produits\\\/#breadcrumb\",\"itemListElement\":[{\"@type\":\"ListItem\",\"position\":1,\"name\":\"Accueil\",\"item\":\"https:\\\/\\\/velo-electrique-location.fr\\\/\"},{\"@type\":\"ListItem\",\"position\":2,\"name\":\"Nos produits\"}]},{\"@type\":\"WebSite\",\"@id\":\"https:\\\/\\\/velo-electrique-location.fr\\\/#website\",\"url\":\"https:\\\/\\\/velo-electrique-location.fr\\\/\",\"name\":\"RSR Bike\",\"description\":\"Location de v\u00e9lo \u00e9lectrique Saint-Tropez Grimaud Sainte-Maxime Cogolin Cavalaire Gassin La Croix-Valmer\",\"publisher\":{\"@id\":\"https:\\\/\\\/velo-electrique-location.fr\\\/#organization\"},\"potentialAction\":[{\"@type\":\"SearchAction\",\"target\":{\"@type\":\"EntryPoint\",\"urlTemplate\":\"https:\\\/\\\/velo-electrique-location.fr\\\/?s={search_term_string}\"},\"query-input\":{\"@type\":\"PropertyValueSpecification\",\"valueRequired\":true,\"valueName\":\"search_term_string\"}}],\"inLanguage\":\"fr-FR\"},{\"@type\":\"Organization\",\"@id\":\"https:\\\/\\\/velo-electrique-location.fr\\\/#organization\",\"name\":\"RSR Bike\",\"url\":\"https:\\\/\\\/velo-electrique-location.fr\\\/\",\"logo\":{\"@type\":\"ImageObject\",\"inLanguage\":\"fr-FR\",\"@id\":\"https:\\\/\\\/velo-electrique-location.fr\\\/#\\\/schema\\\/logo\\\/image\\\/\",\"url\":\"https:\\\/\\\/rsrbike.epartenaire.com\\\/wp-content\\\/uploads\\\/2025\\\/07\\\/11.jpg\",\"contentUrl\":\"https:\\\/\\\/rsrbike.epartenaire.com\\\/wp-content\\\/uploads\\\/2025\\\/07\\\/11.jpg\",\"width\":1920,\"height\":1080,\"caption\":\"RSR Bike\"},\"image\":{\"@id\":\"https:\\\/\\\/velo-electrique-location.fr\\\/#\\\/schema\\\/logo\\\/image\\\/\"}}]}<\/script>\n<!-- \/ Yoast SEO plugin. -->","yoast_head_json":{"title":"Location V\u00e9lo \u00e9lectrique Grimaud Sainte-Maxime Saint-Tropez","description":"D\u00e9couvrez nos v\u00e9los Fatbikes \u00e9lectriques et accessoires \u00e0 Saint-Tropez, Grimaud, Sainte-Maxime. Performance, confort & s\u00e9curit\u00e9 avec RSR Bike.","robots":{"index":"index","follow":"follow","max-snippet":"max-snippet:-1","max-image-preview":"max-image-preview:large","max-video-preview":"max-video-preview:-1"},"canonical":"https:\/\/velo-electrique-location.fr\/index.php\/nos-produits\/","og_locale":"fr_FR","og_type":"article","og_title":"Location V\u00e9lo \u00e9lectrique Grimaud Sainte-Maxime Saint-Tropez","og_description":"D\u00e9couvrez nos v\u00e9los Fatbikes \u00e9lectriques et accessoires \u00e0 Saint-Tropez, Grimaud, Sainte-Maxime. Performance, confort & s\u00e9curit\u00e9 avec RSR Bike.","og_url":"https:\/\/velo-electrique-location.fr\/index.php\/nos-produits\/","og_site_name":"RSR Bike","article_modified_time":"2026-04-09T13:59:16+00:00","twitter_card":"summary_large_image","twitter_misc":{"Dur\u00e9e de lecture estim\u00e9e":"1 minute"},"schema":{"@context":"https:\/\/schema.org","@graph":[{"@type":"WebPage","@id":"https:\/\/velo-electrique-location.fr\/index.php\/nos-produits\/","url":"https:\/\/velo-electrique-location.fr\/index.php\/nos-produits\/","name":"Location V\u00e9lo \u00e9lectrique Grimaud Sainte-Maxime Saint-Tropez","isPartOf":{"@id":"https:\/\/velo-electrique-location.fr\/#website"},"datePublished":"2026-04-02T10:09:48+00:00","dateModified":"2026-04-09T13:59:16+00:00","description":"D\u00e9couvrez nos v\u00e9los Fatbikes \u00e9lectriques et accessoires \u00e0 Saint-Tropez, Grimaud, Sainte-Maxime. Performance, confort & s\u00e9curit\u00e9 avec RSR Bike.","breadcrumb":{"@id":"https:\/\/velo-electrique-location.fr\/index.php\/nos-produits\/#breadcrumb"},"inLanguage":"fr-FR","potentialAction":[{"@type":"ReadAction","target":["https:\/\/velo-electrique-location.fr\/index.php\/nos-produits\/"]}]},{"@type":"BreadcrumbList","@id":"https:\/\/velo-electrique-location.fr\/index.php\/nos-produits\/#breadcrumb","itemListElement":[{"@type":"ListItem","position":1,"name":"Accueil","item":"https:\/\/velo-electrique-location.fr\/"},{"@type":"ListItem","position":2,"name":"Nos produits"}]},{"@type":"WebSite","@id":"https:\/\/velo-electrique-location.fr\/#website","url":"https:\/\/velo-electrique-location.fr\/","name":"RSR Bike","description":"Location de v\u00e9lo \u00e9lectrique Saint-Tropez Grimaud Sainte-Maxime Cogolin Cavalaire Gassin La Croix-Valmer","publisher":{"@id":"https:\/\/velo-electrique-location.fr\/#organization"},"potentialAction":[{"@type":"SearchAction","target":{"@type":"EntryPoint","urlTemplate":"https:\/\/velo-electrique-location.fr\/?s={search_term_string}"},"query-input":{"@type":"PropertyValueSpecification","valueRequired":true,"valueName":"search_term_string"}}],"inLanguage":"fr-FR"},{"@type":"Organization","@id":"https:\/\/velo-electrique-location.fr\/#organization","name":"RSR Bike","url":"https:\/\/velo-electrique-location.fr\/","logo":{"@type":"ImageObject","inLanguage":"fr-FR","@id":"https:\/\/velo-electrique-location.fr\/#\/schema\/logo\/image\/","url":"https:\/\/rsrbike.epartenaire.com\/wp-content\/uploads\/2025\/07\/11.jpg","contentUrl":"https:\/\/rsrbike.epartenaire.com\/wp-content\/uploads\/2025\/07\/11.jpg","width":1920,"height":1080,"caption":"RSR Bike"},"image":{"@id":"https:\/\/velo-electrique-location.fr\/#\/schema\/logo\/image\/"}}]}},"_links":{"self":[{"href":"https:\/\/velo-electrique-location.fr\/index.php\/wp-json\/wp\/v2\/pages\/2523","targetHints":{"allow":["GET"]}}],"collection":[{"href":"https:\/\/velo-electrique-location.fr\/index.php\/wp-json\/wp\/v2\/pages"}],"about":[{"href":"https:\/\/velo-electrique-location.fr\/index.php\/wp-json\/wp\/v2\/types\/page"}],"author":[{"embeddable":true,"href":"https:\/\/velo-electrique-location.fr\/index.php\/wp-json\/wp\/v2\/users\/3"}],"replies":[{"embeddable":true,"href":"https:\/\/velo-electrique-location.fr\/index.php\/wp-json\/wp\/v2\/comments?post=2523"}],"version-history":[{"count":9,"href":"https:\/\/velo-electrique-location.fr\/index.php\/wp-json\/wp\/v2\/pages\/2523\/revisions"}],"predecessor-version":[{"id":2577,"href":"https:\/\/velo-electrique-location.fr\/index.php\/wp-json\/wp\/v2\/pages\/2523\/revisions\/2577"}],"wp:attachment":[{"href":"https:\/\/velo-electrique-location.fr\/index.php\/wp-json\/wp\/v2\/media?parent=2523"}],"curies":[{"name":"wp","href":"https:\/\/api.w.org\/{rel}","templated":true}]}}