
{"id":2361,"date":"2025-07-06T15:24:55","date_gmt":"2025-07-06T13:24:55","guid":{"rendered":"https:\/\/www.rsrbike.fr\/?page_id=2361"},"modified":"2026-04-09T15:53:38","modified_gmt":"2026-04-09T13:53:38","slug":"nous","status":"publish","type":"page","link":"https:\/\/velo-electrique-location.fr\/index.php\/nous\/","title":{"rendered":"Qui sommes nous"},"content":{"rendered":"<div class=\"wpb-content-wrapper\">[vc_row full_width=\u00a0\u00bbstretch_row\u00a0\u00bb][vc_column]<div class=\"cws_spacing cws_spacing_size_sm_desctop-on cws_spacing_tablet-on cws_spacing_mobile-on\"><div class=\"cws_spacing cws_spacing_default\" style=\"height:80px;\"><\/div> <div class=\"cws_spacing cws_spacing_size_sm_desctop\" style=\"height:80px;\"><\/div> <div class=\"cws_spacing cws_spacing_tablet\" style=\"height:50px;\"><\/div> <div class=\"cws_spacing cws_spacing_mobile\" style=\"height:50px;\"><\/div><\/div><div class='cws_textmodule cws_vc_shortcode_module' id='cws_textmodule_69ddd310867a2'><div class='cws_textmodule_wrapper'><div class='cws_textmodule_text text_align_center'><div class='cws_textmodule_titles'><div class='cws_textmodule_subtitle_wrapper with_decor'><span class='subtitle-dots left'><\/span><span class='subtitile_left_line'><\/span><h4 class='cws_textmodule_subtitle'>A PROPOS DE NOUS<\/h4><span class='subtitile_right_line'><\/span><span class='subtitle-dots right'><\/span><\/div><h2 class='cws_textmodule_title small'>Location de v\u00e9lo \u00e9lectrique pour vos balades dans le Golfe de Saint-Tropez<\/h2><\/div><\/div><\/div><\/div>[\/vc_column][\/vc_row][vc_row equal_height=\u00a0\u00bbyes\u00a0\u00bb][vc_column width=\u00a0\u00bb5\/12&Prime;]<div class='cws_textmodule cws_vc_shortcode_module' id='cws_textmodule_69ddd31086958'><div class='cws_textmodule_wrapper'><div class='cws_textmodule_text text_align_left'><div class='cws_textmodule_titles'><h3 class='cws_textmodule_title with_bg small'>RSR Bike : performance, libert\u00e9 et technologie sur deux roues<\/h3><\/div><div class='cws_textmodule_content'><div class='text_content_wrapper'><p>Fond\u00e9e en f\u00e9vrier 2025, RSR Bike est une entreprise fran\u00e7aise sp\u00e9cialis\u00e9e dans la <strong>location de v\u00e9los \u00e9lectriques<\/strong> haut de gamme. Implant\u00e9e au c\u0153ur du <strong>Golfe de Saint-Tropez<\/strong>, notre marque est n\u00e9e de la passion pour le deux-roues, l\u2019aventure et l\u2019innovation.<\/p>\n<p>Nous proposons des <strong>FatBikes \u00e9lectriques puissants<\/strong> et design, con\u00e7us pour r\u00e9pondre aux besoins de tous les cyclistes, qu\u2019ils soient amateurs de balades tranquilles ou de randonn\u00e9es sportives.<\/p>\n<p>Notre ambition est simple : permettre \u00e0 chacun de vivre une exp\u00e9rience authentique \u00e0 v\u00e9lo, en explorant les paysages exceptionnels de<strong> Saint-Tropez, Grimaud, Sainte-Maxime, Cogolin, Gassin, La Croix-Valmer ou Cavalaire.<\/strong><\/p>\n<p>Avec RSR Bike, la <strong>balade \u00e0 v\u00e9lo \u00e9lectrique<\/strong> devient une activit\u00e9 incontournable pour profiter de la r\u00e9gion autrement : loin des bouchons, en pleine nature, et toujours avec style.<\/p>\n<p>Notre mod\u00e8le phare, le Monster Pro Max, incarne notre vision du v\u00e9lo \u00e9lectrique : puissance, autonomie, confort et technologies embarqu\u00e9es. Id\u00e9al pour les <strong>sorties \u00e0 v\u00e9lo<\/strong> en famille, entre amis ou en solo.<\/p>\n<\/div><\/div><\/div><\/div><\/div><div class=\"cws_spacing cws_spacing_size_sm_desctop-on cws_spacing_tablet-on cws_spacing_mobile-on\"><div class=\"cws_spacing cws_spacing_default\" style=\"height:0px;\"><\/div> <div class=\"cws_spacing cws_spacing_size_sm_desctop\" style=\"height:0px;\"><\/div> <div class=\"cws_spacing cws_spacing_tablet\" style=\"height:0px;\"><\/div> <div class=\"cws_spacing cws_spacing_mobile\" style=\"height:20px;\"><\/div><\/div>[\/vc_column][vc_column width=\u00a0\u00bb7\/12&Prime; bg_cws_repeat=\u00a0\u00bbno-repeat\u00a0\u00bb bg_cws_size=\u00a0\u00bbcover\u00a0\u00bb bg_image_position=\u00a0\u00bbcenter_center\u00a0\u00bb cws_mobile_paddings=\u00a0\u00bb300px 0px 0px 0px\u00a0\u00bb][vc_column_text css=\u00a0\u00bb\u00a0\u00bb]\n<p class=\"add_border\"><img loading=\"lazy\" decoding=\"async\" class=\"alignnone wp-image-2445 size-large\" src=\"https:\/\/www.rsrbike.fr\/wp-content\/uploads\/2025\/07\/12-1024x768.jpg\" alt=\"\" width=\"1024\" height=\"768\" srcset=\"https:\/\/velo-electrique-location.fr\/wp-content\/uploads\/2025\/07\/12-1024x768.jpg 1024w, https:\/\/velo-electrique-location.fr\/wp-content\/uploads\/2025\/07\/12-300x225.jpg 300w, https:\/\/velo-electrique-location.fr\/wp-content\/uploads\/2025\/07\/12-768x576.jpg 768w, https:\/\/velo-electrique-location.fr\/wp-content\/uploads\/2025\/07\/12-1536x1152.jpg 1536w, https:\/\/velo-electrique-location.fr\/wp-content\/uploads\/2025\/07\/12.jpg 2048w\" sizes=\"auto, (max-width: 1024px) 100vw, 1024px\" \/><\/p>\n[\/vc_column_text]<div class=\"cws_spacing cws_spacing_size_sm_desctop-on cws_spacing_tablet-on cws_spacing_mobile-on\"><div class=\"cws_spacing cws_spacing_default\" style=\"height:130px;\"><\/div> <div class=\"cws_spacing cws_spacing_size_sm_desctop\" style=\"height:130px;\"><\/div> <div class=\"cws_spacing cws_spacing_tablet\" style=\"height:70px;\"><\/div> <div class=\"cws_spacing cws_spacing_mobile\" style=\"height:30px;\"><\/div><\/div>[\/vc_column][\/vc_row][vc_row full_width=\u00a0\u00bbstretch_row\u00a0\u00bb][vc_column]<div class=\"cws_spacing cws_spacing_size_sm_desctop-on cws_spacing_tablet-on cws_spacing_mobile-on\"><div class=\"cws_spacing cws_spacing_default\" style=\"height:80px;\"><\/div> <div class=\"cws_spacing cws_spacing_size_sm_desctop\" style=\"height:80px;\"><\/div> <div class=\"cws_spacing cws_spacing_tablet\" style=\"height:50px;\"><\/div> <div class=\"cws_spacing cws_spacing_mobile\" style=\"height:50px;\"><\/div><\/div><div class='cws_textmodule cws_vc_shortcode_module' id='cws_textmodule_69ddd31086a85'><div class='cws_textmodule_wrapper'><div class='cws_textmodule_text text_align_center'><div class='cws_textmodule_titles'><div class='cws_textmodule_subtitle_wrapper with_decor'><span class='subtitle-dots left'><\/span><span class='subtitile_left_line'><\/span><h4 class='cws_textmodule_subtitle'>QUI NOUS SOMMES<\/h4><span class='subtitile_right_line'><\/span><span class='subtitle-dots right'><\/span><\/div><h3 class='cws_textmodule_title large'>NOTRE CULTURE<\/h3><\/div><\/div><\/div><\/div>[\/vc_column][\/vc_row][vc_row css=\u00a0\u00bb.vc_custom_1536667165851{padding-top: 40px !important;}\u00a0\u00bb][vc_column offset=\u00a0\u00bbvc_col-lg-7&Prime;][vc_column_text css=\u00a0\u00bb\u00a0\u00bb]\n<p class=\"add_border\"><img loading=\"lazy\" decoding=\"async\" class=\"alignnone wp-image-2446 size-large\" src=\"https:\/\/www.rsrbike.fr\/wp-content\/uploads\/2025\/07\/24-1024x768.jpg\" alt=\"\" width=\"1024\" height=\"768\" srcset=\"https:\/\/velo-electrique-location.fr\/wp-content\/uploads\/2025\/07\/24-1024x768.jpg 1024w, https:\/\/velo-electrique-location.fr\/wp-content\/uploads\/2025\/07\/24-300x225.jpg 300w, https:\/\/velo-electrique-location.fr\/wp-content\/uploads\/2025\/07\/24-768x576.jpg 768w, https:\/\/velo-electrique-location.fr\/wp-content\/uploads\/2025\/07\/24-1536x1152.jpg 1536w, https:\/\/velo-electrique-location.fr\/wp-content\/uploads\/2025\/07\/24.jpg 2048w\" sizes=\"auto, (max-width: 1024px) 100vw, 1024px\" \/><\/p>\n[\/vc_column_text][\/vc_column][vc_column css=\u00a0\u00bb.vc_custom_1536731864287{padding-top: 20px !important;}\u00a0\u00bb offset=\u00a0\u00bbvc_col-lg-5&Prime;]<div class=\"cws_spacing cws_spacing_size_sm_desctop-on cws_spacing_tablet-on cws_spacing_mobile-on\"><div class=\"cws_spacing cws_spacing_default\" style=\"height:30px;\"><\/div> <div class=\"cws_spacing cws_spacing_size_sm_desctop\" style=\"height:30px;\"><\/div> <div class=\"cws_spacing cws_spacing_tablet\" style=\"height:0px;\"><\/div> <div class=\"cws_spacing cws_spacing_mobile\" style=\"height:0px;\"><\/div><\/div><div id='cws_service_item_69ddd31086c63' class='cws_service_item cws_vc_shortcode_module a-left'><div class='cws_service_item_wrapper clearfix'><div class='cws_service_top_part'><h6 class='cws_service_title'>NOTRE DIFFERENCE\n\t\t\t\t\t\t\t\t\t<svg class=\"right-shape\" width=\"78\" height=\"52\">\n\t\t\t\t\t\t\t\t\t\t<defs>\n\t\t\t\t\t\t\t\t\t\t  <pattern id=\"service_right_shape_69ddd31086c77\" patternUnits=\"userSpaceOnUse\" width=\"100%\" height=\"100%\">\n\t\t\t\t\t\t\t\t\t\t  \t<rect class=\"rect-pattern\" x=\"0\" y=\"0\" width=\"100%\" height=\"100%\" stroke-width=\"0\" \/>\n\t\t\t\t\t\t\t\t\t\t    <image href=\"https:\/\/velo-electrique-location.fr\/wp-content\/themes\/vintclub\/img\/patterns\/shape_pattern.png\" x=\"0\" y=\"0\" width=\"100%\" height=\"100%\" \/>\n\t\t\t\t\t\t\t\t\t\t    <rect x=\"0\" y=\"0\" width=\"100%\" height=\"100%\" stroke-width=\"0\" fill=\"rgba(0,0,0,.15)\" \/>\n\t\t\t\t\t\t\t\t\t\t  <\/pattern>\n\t\t\t\t\t\t\t\t\t\t<\/defs>\n\n\t\t\t\t\t\t\t\t\t\t<path id=\"service_right_shape_69ddd31086c77_path\" d=\"M0,0.4L0,51.6l76.9-0.1L64.9,26.1l12-25.9C76.8,0.2,0,0.4,0,0.4z\" fill=\"url(#service_right_shape_69ddd31086c77)\" \/>\n\t\t\t\t\t\t\t\t\t<\/svg>\n\t\t\t\t\t\t\t\t<\/h6><\/div><div class='cws_service_desc clearfix'><p>Ce qui distingue RSR Bike, c\u2019est notre exigence du d\u00e9tail et notre passion pour le v\u00e9lo. Nous s\u00e9lectionnons avec soin chaque composant pour garantir des <strong>v\u00e9los \u00e9lectriques fiables et performants.<\/strong><\/p>\n<p>Nos FatBikes sont con\u00e7us avec des <strong>mat\u00e9riaux haut de gamme<\/strong>, test\u00e9s sur le terrain, et r\u00e9vis\u00e9s r\u00e9guli\u00e8rement par notre \u00e9quipe. Nous proposons un <strong>service personnalis\u00e9<\/strong>, que tu sois de passage \u00e0 <strong>Saint-Tropez<\/strong> ou habitant de <strong>Grimaud, Sainte-Maxime ou Cogolin.<\/strong><\/p>\n<p>Notre philosophie repose sur trois valeurs cl\u00e9s :<\/p>\n<p><strong>La qualit\u00e9 technique<\/strong><br \/>\n<strong>La passion du deux-roues<\/strong><br \/>\n<strong>L&rsquo;esprit d\u2019aventure et de libert\u00e9<\/strong><\/p>\n<p>En choisissant RSR Bike, tu optes pour un v\u00e9lo \u00e9lectrique qui t\u2019emm\u00e8ne plus loin, plus haut, plus librement. Pour une <strong>visite de la r\u00e9gion \u00e0 v\u00e9lo \u00e9lectrique,<\/strong> une <strong>activit\u00e9 sportive en plein air<\/strong> ou une <strong>randonn\u00e9e \u00e9cologique dans le Golfe de Saint-Tropez<\/strong>, fais confiance \u00e0 notre expertise.<\/p>\n<\/div><\/div><\/div>[\/vc_column][\/vc_row][vc_row][\/vc_row][vc_row][vc_column][vc_column_text css=\u00a0\u00bb.vc_custom_1775226970686{margin-top: 40px !important;margin-bottom: 70px !important;}\u00a0\u00bb]Location de v\u00e9los \u00e9lectriques Fatbike sur le Golfe de Saint-Tropez, \u00e0 partir de notre boutique de Grimaud pour visiter Port-Grimaud, Sainte-Maxime, Saint-Tropez, Ramatuelle, Cogolin, La Foux, La Croix-Valmer, Gassin et les plages de Pampelone, de Tahiti, de l\u2019Escalet ou de la Nartelle.[\/vc_column_text][\/vc_column][\/vc_row]\n<\/div>","protected":false},"excerpt":{"rendered":"<p>[vc_row full_width=\u00a0\u00bbstretch_row\u00a0\u00bb][vc_column][\/vc_column][\/vc_row][vc_row equal_height=\u00a0\u00bbyes\u00a0\u00bb][vc_column width=\u00a0\u00bb5\/12&Prime;][\/vc_column][vc_column width=\u00a0\u00bb7\/12&Prime; bg_cws_repeat=\u00a0\u00bbno-repeat\u00a0\u00bb bg_cws_size=\u00a0\u00bbcover\u00a0\u00bb bg_image_position=\u00a0\u00bbcenter_center\u00a0\u00bb cws_mobile_paddings=\u00a0\u00bb300px 0px 0px 0px\u00a0\u00bb][vc_column_text css=\u00a0\u00bb\u00a0\u00bb] [\/vc_column_text][\/vc_column][\/vc_row][vc_row full_width=\u00a0\u00bbstretch_row\u00a0\u00bb][vc_column][\/vc_column][\/vc_row][vc_row css=\u00a0\u00bb.vc_custom_1536667165851{padding-top: 40px !important;}\u00a0\u00bb][vc_column offset=\u00a0\u00bbvc_col-lg-7&Prime;][vc_column_text css=\u00a0\u00bb\u00a0\u00bb] [\/vc_column_text][\/vc_column][vc_column css=\u00a0\u00bb.vc_custom_1536731864287{padding-top: 20px !important;}\u00a0\u00bb offset=\u00a0\u00bbvc_col-lg-5&Prime;][\/vc_column][\/vc_row][vc_row][\/vc_row][vc_row][vc_column][vc_column_text css=\u00a0\u00bb.vc_custom_1775226970686{margin-top: 40px !important;margin-bottom: 70px !important;}\u00a0\u00bb]Location de v\u00e9los \u00e9lectriques Fatbike sur le Golfe de Saint-Tropez, \u00e0 partir de notre boutique de Grimaud pour visiter Port-Grimaud, Sainte-Maxime, Saint-Tropez, Ramatuelle, Cogolin, La Foux, La Croix-Valmer, Gassin et les plages de Pampelone, de Tahiti, de l\u2019Escalet ou de la Nartelle.[\/vc_column_text][\/vc_column][\/vc_row]<\/p>\n","protected":false},"author":1,"featured_media":0,"parent":0,"menu_order":0,"comment_status":"closed","ping_status":"closed","template":"","meta":{"footnotes":""},"class_list":["post-2361","page","type-page","status-publish","hentry"],"yoast_head":"<!-- This site is optimized with the Yoast SEO plugin v27.3 - https:\/\/yoast.com\/product\/yoast-seo-wordpress\/ -->\n<title>Loueur de v\u00e9los \u00e9lectriques Golfe Saint-Tropez Grimaud<\/title>\n<meta name=\"description\" content=\"RSR Bike loueur de v\u00e9los Fatbike \u00e9lectrique \u00e0 Saint-Tropez Grimaud Sainte-Maxime Cogolin. Explorez Pampelonne, Escalet, Nartelle\" \/>\n<meta name=\"robots\" content=\"index, follow, max-snippet:-1, max-image-preview:large, max-video-preview:-1\" \/>\n<link rel=\"canonical\" href=\"https:\/\/velo-electrique-location.fr\/index.php\/nous\/\" \/>\n<meta property=\"og:locale\" content=\"fr_FR\" \/>\n<meta property=\"og:type\" content=\"article\" \/>\n<meta property=\"og:title\" content=\"Loueur de v\u00e9los \u00e9lectriques Golfe Saint-Tropez Grimaud\" \/>\n<meta property=\"og:description\" content=\"RSR Bike loueur de v\u00e9los Fatbike \u00e9lectrique \u00e0 Saint-Tropez Grimaud Sainte-Maxime Cogolin. Explorez Pampelonne, Escalet, Nartelle\" \/>\n<meta property=\"og:url\" content=\"https:\/\/velo-electrique-location.fr\/index.php\/nous\/\" \/>\n<meta property=\"og:site_name\" content=\"RSR Bike\" \/>\n<meta property=\"article:modified_time\" content=\"2026-04-09T13:53:38+00:00\" \/>\n<meta property=\"og:image\" content=\"https:\/\/velo-electrique-location.fr\/wp-content\/uploads\/2025\/07\/12.jpg\" \/>\n\t<meta property=\"og:image:width\" content=\"2048\" \/>\n\t<meta property=\"og:image:height\" content=\"1536\" \/>\n\t<meta property=\"og:image:type\" content=\"image\/jpeg\" \/>\n<meta name=\"twitter:card\" content=\"summary_large_image\" \/>\n<meta name=\"twitter:label1\" content=\"Dur\u00e9e de lecture estim\u00e9e\" \/>\n\t<meta name=\"twitter:data1\" content=\"3 minutes\" \/>\n<script type=\"application\/ld+json\" class=\"yoast-schema-graph\">{\"@context\":\"https:\\\/\\\/schema.org\",\"@graph\":[{\"@type\":\"WebPage\",\"@id\":\"https:\\\/\\\/velo-electrique-location.fr\\\/index.php\\\/nous\\\/\",\"url\":\"https:\\\/\\\/velo-electrique-location.fr\\\/index.php\\\/nous\\\/\",\"name\":\"Loueur de v\u00e9los \u00e9lectriques Golfe Saint-Tropez Grimaud\",\"isPartOf\":{\"@id\":\"https:\\\/\\\/velo-electrique-location.fr\\\/#website\"},\"primaryImageOfPage\":{\"@id\":\"https:\\\/\\\/velo-electrique-location.fr\\\/index.php\\\/nous\\\/#primaryimage\"},\"image\":{\"@id\":\"https:\\\/\\\/velo-electrique-location.fr\\\/index.php\\\/nous\\\/#primaryimage\"},\"thumbnailUrl\":\"https:\\\/\\\/www.rsrbike.fr\\\/wp-content\\\/uploads\\\/2025\\\/07\\\/12-1024x768.jpg\",\"datePublished\":\"2025-07-06T13:24:55+00:00\",\"dateModified\":\"2026-04-09T13:53:38+00:00\",\"description\":\"RSR Bike loueur de v\u00e9los Fatbike \u00e9lectrique \u00e0 Saint-Tropez Grimaud Sainte-Maxime Cogolin. Explorez Pampelonne, Escalet, Nartelle\",\"breadcrumb\":{\"@id\":\"https:\\\/\\\/velo-electrique-location.fr\\\/index.php\\\/nous\\\/#breadcrumb\"},\"inLanguage\":\"fr-FR\",\"potentialAction\":[{\"@type\":\"ReadAction\",\"target\":[\"https:\\\/\\\/velo-electrique-location.fr\\\/index.php\\\/nous\\\/\"]}]},{\"@type\":\"ImageObject\",\"inLanguage\":\"fr-FR\",\"@id\":\"https:\\\/\\\/velo-electrique-location.fr\\\/index.php\\\/nous\\\/#primaryimage\",\"url\":\"https:\\\/\\\/www.rsrbike.fr\\\/wp-content\\\/uploads\\\/2025\\\/07\\\/12-1024x768.jpg\",\"contentUrl\":\"https:\\\/\\\/www.rsrbike.fr\\\/wp-content\\\/uploads\\\/2025\\\/07\\\/12-1024x768.jpg\"},{\"@type\":\"BreadcrumbList\",\"@id\":\"https:\\\/\\\/velo-electrique-location.fr\\\/index.php\\\/nous\\\/#breadcrumb\",\"itemListElement\":[{\"@type\":\"ListItem\",\"position\":1,\"name\":\"Accueil\",\"item\":\"https:\\\/\\\/velo-electrique-location.fr\\\/\"},{\"@type\":\"ListItem\",\"position\":2,\"name\":\"Qui sommes nous\"}]},{\"@type\":\"WebSite\",\"@id\":\"https:\\\/\\\/velo-electrique-location.fr\\\/#website\",\"url\":\"https:\\\/\\\/velo-electrique-location.fr\\\/\",\"name\":\"RSR Bike\",\"description\":\"Location de v\u00e9lo \u00e9lectrique Saint-Tropez Grimaud Sainte-Maxime Cogolin Cavalaire Gassin La Croix-Valmer\",\"publisher\":{\"@id\":\"https:\\\/\\\/velo-electrique-location.fr\\\/#organization\"},\"potentialAction\":[{\"@type\":\"SearchAction\",\"target\":{\"@type\":\"EntryPoint\",\"urlTemplate\":\"https:\\\/\\\/velo-electrique-location.fr\\\/?s={search_term_string}\"},\"query-input\":{\"@type\":\"PropertyValueSpecification\",\"valueRequired\":true,\"valueName\":\"search_term_string\"}}],\"inLanguage\":\"fr-FR\"},{\"@type\":\"Organization\",\"@id\":\"https:\\\/\\\/velo-electrique-location.fr\\\/#organization\",\"name\":\"RSR Bike\",\"url\":\"https:\\\/\\\/velo-electrique-location.fr\\\/\",\"logo\":{\"@type\":\"ImageObject\",\"inLanguage\":\"fr-FR\",\"@id\":\"https:\\\/\\\/velo-electrique-location.fr\\\/#\\\/schema\\\/logo\\\/image\\\/\",\"url\":\"https:\\\/\\\/rsrbike.epartenaire.com\\\/wp-content\\\/uploads\\\/2025\\\/07\\\/11.jpg\",\"contentUrl\":\"https:\\\/\\\/rsrbike.epartenaire.com\\\/wp-content\\\/uploads\\\/2025\\\/07\\\/11.jpg\",\"width\":1920,\"height\":1080,\"caption\":\"RSR Bike\"},\"image\":{\"@id\":\"https:\\\/\\\/velo-electrique-location.fr\\\/#\\\/schema\\\/logo\\\/image\\\/\"}}]}<\/script>\n<!-- \/ Yoast SEO plugin. -->","yoast_head_json":{"title":"Loueur de v\u00e9los \u00e9lectriques Golfe Saint-Tropez Grimaud","description":"RSR Bike loueur de v\u00e9los Fatbike \u00e9lectrique \u00e0 Saint-Tropez Grimaud Sainte-Maxime Cogolin. Explorez Pampelonne, Escalet, Nartelle","robots":{"index":"index","follow":"follow","max-snippet":"max-snippet:-1","max-image-preview":"max-image-preview:large","max-video-preview":"max-video-preview:-1"},"canonical":"https:\/\/velo-electrique-location.fr\/index.php\/nous\/","og_locale":"fr_FR","og_type":"article","og_title":"Loueur de v\u00e9los \u00e9lectriques Golfe Saint-Tropez Grimaud","og_description":"RSR Bike loueur de v\u00e9los Fatbike \u00e9lectrique \u00e0 Saint-Tropez Grimaud Sainte-Maxime Cogolin. Explorez Pampelonne, Escalet, Nartelle","og_url":"https:\/\/velo-electrique-location.fr\/index.php\/nous\/","og_site_name":"RSR Bike","article_modified_time":"2026-04-09T13:53:38+00:00","og_image":[{"width":2048,"height":1536,"url":"https:\/\/velo-electrique-location.fr\/wp-content\/uploads\/2025\/07\/12.jpg","type":"image\/jpeg"}],"twitter_card":"summary_large_image","twitter_misc":{"Dur\u00e9e de lecture estim\u00e9e":"3 minutes"},"schema":{"@context":"https:\/\/schema.org","@graph":[{"@type":"WebPage","@id":"https:\/\/velo-electrique-location.fr\/index.php\/nous\/","url":"https:\/\/velo-electrique-location.fr\/index.php\/nous\/","name":"Loueur de v\u00e9los \u00e9lectriques Golfe Saint-Tropez Grimaud","isPartOf":{"@id":"https:\/\/velo-electrique-location.fr\/#website"},"primaryImageOfPage":{"@id":"https:\/\/velo-electrique-location.fr\/index.php\/nous\/#primaryimage"},"image":{"@id":"https:\/\/velo-electrique-location.fr\/index.php\/nous\/#primaryimage"},"thumbnailUrl":"https:\/\/www.rsrbike.fr\/wp-content\/uploads\/2025\/07\/12-1024x768.jpg","datePublished":"2025-07-06T13:24:55+00:00","dateModified":"2026-04-09T13:53:38+00:00","description":"RSR Bike loueur de v\u00e9los Fatbike \u00e9lectrique \u00e0 Saint-Tropez Grimaud Sainte-Maxime Cogolin. Explorez Pampelonne, Escalet, Nartelle","breadcrumb":{"@id":"https:\/\/velo-electrique-location.fr\/index.php\/nous\/#breadcrumb"},"inLanguage":"fr-FR","potentialAction":[{"@type":"ReadAction","target":["https:\/\/velo-electrique-location.fr\/index.php\/nous\/"]}]},{"@type":"ImageObject","inLanguage":"fr-FR","@id":"https:\/\/velo-electrique-location.fr\/index.php\/nous\/#primaryimage","url":"https:\/\/www.rsrbike.fr\/wp-content\/uploads\/2025\/07\/12-1024x768.jpg","contentUrl":"https:\/\/www.rsrbike.fr\/wp-content\/uploads\/2025\/07\/12-1024x768.jpg"},{"@type":"BreadcrumbList","@id":"https:\/\/velo-electrique-location.fr\/index.php\/nous\/#breadcrumb","itemListElement":[{"@type":"ListItem","position":1,"name":"Accueil","item":"https:\/\/velo-electrique-location.fr\/"},{"@type":"ListItem","position":2,"name":"Qui sommes nous"}]},{"@type":"WebSite","@id":"https:\/\/velo-electrique-location.fr\/#website","url":"https:\/\/velo-electrique-location.fr\/","name":"RSR Bike","description":"Location de v\u00e9lo \u00e9lectrique Saint-Tropez Grimaud Sainte-Maxime Cogolin Cavalaire Gassin La Croix-Valmer","publisher":{"@id":"https:\/\/velo-electrique-location.fr\/#organization"},"potentialAction":[{"@type":"SearchAction","target":{"@type":"EntryPoint","urlTemplate":"https:\/\/velo-electrique-location.fr\/?s={search_term_string}"},"query-input":{"@type":"PropertyValueSpecification","valueRequired":true,"valueName":"search_term_string"}}],"inLanguage":"fr-FR"},{"@type":"Organization","@id":"https:\/\/velo-electrique-location.fr\/#organization","name":"RSR Bike","url":"https:\/\/velo-electrique-location.fr\/","logo":{"@type":"ImageObject","inLanguage":"fr-FR","@id":"https:\/\/velo-electrique-location.fr\/#\/schema\/logo\/image\/","url":"https:\/\/rsrbike.epartenaire.com\/wp-content\/uploads\/2025\/07\/11.jpg","contentUrl":"https:\/\/rsrbike.epartenaire.com\/wp-content\/uploads\/2025\/07\/11.jpg","width":1920,"height":1080,"caption":"RSR Bike"},"image":{"@id":"https:\/\/velo-electrique-location.fr\/#\/schema\/logo\/image\/"}}]}},"_links":{"self":[{"href":"https:\/\/velo-electrique-location.fr\/index.php\/wp-json\/wp\/v2\/pages\/2361","targetHints":{"allow":["GET"]}}],"collection":[{"href":"https:\/\/velo-electrique-location.fr\/index.php\/wp-json\/wp\/v2\/pages"}],"about":[{"href":"https:\/\/velo-electrique-location.fr\/index.php\/wp-json\/wp\/v2\/types\/page"}],"author":[{"embeddable":true,"href":"https:\/\/velo-electrique-location.fr\/index.php\/wp-json\/wp\/v2\/users\/1"}],"replies":[{"embeddable":true,"href":"https:\/\/velo-electrique-location.fr\/index.php\/wp-json\/wp\/v2\/comments?post=2361"}],"version-history":[{"count":29,"href":"https:\/\/velo-electrique-location.fr\/index.php\/wp-json\/wp\/v2\/pages\/2361\/revisions"}],"predecessor-version":[{"id":2574,"href":"https:\/\/velo-electrique-location.fr\/index.php\/wp-json\/wp\/v2\/pages\/2361\/revisions\/2574"}],"wp:attachment":[{"href":"https:\/\/velo-electrique-location.fr\/index.php\/wp-json\/wp\/v2\/media?parent=2361"}],"curies":[{"name":"wp","href":"https:\/\/api.w.org\/{rel}","templated":true}]}}