
{"id":2209,"date":"2025-05-25T15:54:10","date_gmt":"2025-05-25T13:54:10","guid":{"rendered":"https:\/\/www.rsrbike.fr\/?page_id=2209"},"modified":"2026-04-09T15:56:09","modified_gmt":"2026-04-09T13:56:09","slug":"contact","status":"publish","type":"page","link":"https:\/\/velo-electrique-location.fr\/index.php\/contact\/","title":{"rendered":"Contact"},"content":{"rendered":"<div class=\"wpb-content-wrapper\">[vc_row full_width=\u00a0\u00bbstretch_row\u00a0\u00bb bg_cws_size=\u00a0\u00bbcover\u00a0\u00bb][vc_column]<div class=\"cws_spacing cws_spacing_size_sm_desctop-on cws_spacing_tablet-on cws_spacing_mobile-on\"><div class=\"cws_spacing cws_spacing_default\" style=\"height:90px;\"><\/div> <div class=\"cws_spacing cws_spacing_size_sm_desctop\" style=\"height:90px;\"><\/div> <div class=\"cws_spacing cws_spacing_tablet\" style=\"height:50px;\"><\/div> <div class=\"cws_spacing cws_spacing_mobile\" style=\"height:50px;\"><\/div><\/div><div class='cws_textmodule cws_vc_shortcode_module' id='cws_textmodule_69ddd4ba744a6'><div class='cws_textmodule_wrapper'><div class='cws_textmodule_text text_align_center'><div class='cws_textmodule_titles'><div class='cws_textmodule_subtitle_wrapper with_decor'><span class='subtitle-dots left'><\/span><span class='subtitile_left_line'><\/span><h4 class='cws_textmodule_subtitle'>Un renseignement, une question ou un conseil<\/h4><span class='subtitile_right_line'><\/span><span class='subtitle-dots right'><\/span><\/div><h2 class='cws_textmodule_title large'>Contactez-nous pour \u00e9changer sur votre location de v\u00e9lo \u00e9lectrique \u00e0 Grimaud<\/h2><\/div><\/div><\/div><\/div>[vc_row_inner css=\u00a0\u00bb.vc_custom_1536820039503{padding-top: 30px !important;}\u00a0\u00bb][vc_column_inner width=\u00a0\u00bb1\/2&Prime; offset=\u00a0\u00bbvc_col-lg-4 vc_col-md-6&Prime;]<div id='cws_info_69ddd4ba749f9' class='cws_info_wrapper star_divider default  vc_custom_1775227295415' ><div class='cws_info_title'>NOUS CONTACTER<\/div><div class='cws_info_img'><img src=https:\/\/velo-electrique-location.fr\/wp-content\/uploads\/2025\/05\/v2.png alt=image><\/div><div class='cws_content'><ul>\n<li style=\"list-style-type: none;\">\n<ul>\n<li>83 310 Grimaud, France<\/li>\n<li><a class=\"lien-marron\" href=\"tel:+12032842818\">06 73 32 63 52<\/a><\/li>\n<li><a class=\"lien-marron\" href=\"mailto:contact@rsrbike.com\">contact@rsrbike.com<\/a><\/li>\n<li><a href=\"https:\/\/www.facebook.com\/profile.php?id=61575571801177\" target=\"_blank\" rel=\"noopener\"><img loading=\"lazy\" decoding=\"async\" class=\"alignnone size-full wp-image-2215\" src=\"https:\/\/www.rsrbike.fr\/wp-content\/uploads\/2025\/05\/Facebook_icon-icons.com_76213.png\" alt=\"\" width=\"32\" height=\"32\" \/><\/a><\/li>\n<li><a href=\"https:\/\/www.tiktok.com\/@rsr.bike?_t=ZN-8yVc054w8H8&amp;_r=1\" target=\"_blank\" rel=\"noopener\"><img loading=\"lazy\" decoding=\"async\" class=\"alignnone wp-image-2217 size-full\" src=\"https:\/\/www.rsrbike.fr\/wp-content\/uploads\/2025\/05\/Iconstoc-Vintage-Social-Instagram.32.png\" alt=\"\" width=\"32\" height=\"32\" \/><\/a><\/li>\n<li><a href=\"https:\/\/www.tiktok.com\/@rsr.bike?_t=ZN-8yVc054w8H8&amp;_r=1\" target=\"_blank\" rel=\"noopener\"><img loading=\"lazy\" decoding=\"async\" class=\"alignnone wp-image-2479\" src=\"https:\/\/www.rsrbike.fr\/wp-content\/uploads\/2025\/08\/Logo-tiktok-150x150.png\" alt=\"\" width=\"32\" height=\"32\" srcset=\"https:\/\/velo-electrique-location.fr\/wp-content\/uploads\/2025\/08\/Logo-tiktok-150x150.png 150w, https:\/\/velo-electrique-location.fr\/wp-content\/uploads\/2025\/08\/Logo-tiktok-300x300.png 300w, https:\/\/velo-electrique-location.fr\/wp-content\/uploads\/2025\/08\/Logo-tiktok.png 500w\" sizes=\"auto, (max-width: 32px) 100vw, 32px\" \/><\/a><\/li>\n<\/ul>\n<\/li>\n<\/ul>\n<\/div><\/div>[\/vc_column_inner][vc_column_inner width=\u00a0\u00bb1\/3&Prime; offset=\u00a0\u00bbvc_hidden-md vc_hidden-sm vc_hidden-xs\u00a0\u00bb]<div id='cws_info_69ddd4ba74c9a' class='cws_info_wrapper bg_in_border default  vc_custom_1775212073123' style='border-image: url(https:\/\/velo-electrique-location.fr\/wp-content\/uploads\/2018\/09\/border_370x555.png) 12 round; '><div class='cws_info_title'>Reservez votre Fatbike<\/div><div class='cws_content'><p>&nbsp;<\/p>\n<p>&nbsp;<\/p>\n<p><a href=\"https:\/\/my.rodeeo.app\/providers\/602-rsr-bike\/location\/832\"><span class=\"lien-blanc\" style=\"color: #ffffff;\">Pour reverser votre FatBike c&rsquo;est \u21d2ICI\u21d0<\/span><\/a><\/p>\n<\/div><\/div>[\/vc_column_inner][vc_column_inner width=\u00a0\u00bb1\/2&Prime; offset=\u00a0\u00bbvc_col-lg-4 vc_col-md-6&Prime;]<div id='cws_info_69ddd4ba74f0f' class='cws_info_wrapper star_divider default  vc_custom_1754731881100' ><div class='cws_info_title'>NOS HORAIRES<\/div><div class='cws_info_img'><img src=https:\/\/velo-electrique-location.fr\/wp-content\/uploads\/2025\/05\/v3.png alt=image><\/div><div class='cws_content'><ul>\n<li>Lundi \u2013 Dimanche<br \/>\n09:00 \u2013 12:30<br \/>\n14:30 \u2013 19:00<\/li>\n<\/ul>\n<\/div><\/div>[\/vc_column_inner][\/vc_row_inner]<div class=\"cws_spacing cws_spacing_size_sm_desctop-on cws_spacing_tablet-on cws_spacing_mobile-on\"><div class=\"cws_spacing cws_spacing_default\" style=\"height:50px;\"><\/div> <div class=\"cws_spacing cws_spacing_size_sm_desctop\" style=\"height:50px;\"><\/div> <div class=\"cws_spacing cws_spacing_tablet\" style=\"height:50px;\"><\/div> <div class=\"cws_spacing cws_spacing_mobile\" style=\"height:20px;\"><\/div><\/div><div id='cws_vc_shortcode_msg_box_69ddd4ba74f6f' class='cws_vc_shortcode_msg_box cws_vc_shortcode_module info'><div class='icon_part'><i class='msg_icon'><\/i><\/div><div class='content_part'><h3 class='title'>Adresse d'hiver<\/h3><p>Jusqu'au 25 avril 2026, nos FatBikes seront mis \u00e0 disposition au<br \/>\nDomaine du Vallon des Glauges<br \/>\nVoie d'Aureille, chemin des Glauges<br \/>\n13400 Eyguill\u00e8res<\/p><\/div><\/div>[\/vc_column][\/vc_row][vc_row full_width=\u00a0\u00bbstretch_row_content_no_spaces\u00a0\u00bb][\/vc_row][vc_row][vc_column][vc_column_inner css=\u00a0\u00bb.vc_custom_1775226459167{margin-bottom: 50px !important;}\u00a0\u00bb][vc_column_text css=\u00a0\u00bb.vc_custom_1775226909278{margin-top: 35px !important;}\u00a0\u00bb]Location de v\u00e9los \u00e9lectriques Fatbike sur le Golfe de Saint-Tropez, \u00e0 partir de notre boutique de Grimaud pour visiter Port-Grimaud, Sainte-Maxime, Saint-Tropez, Ramatuelle, Cogolin, La Foux, La Croix-Valmer, Gassin et les plages de Pampelone, de Tahiti, de l\u2019Escalet ou de la Nartelle.[\/vc_column_text][\/vc_column_inner][\/vc_column][\/vc_row]\n<\/div>","protected":false},"excerpt":{"rendered":"<p>[vc_row full_width=\u00a0\u00bbstretch_row\u00a0\u00bb bg_cws_size=\u00a0\u00bbcover\u00a0\u00bb][vc_column][vc_row_inner css=\u00a0\u00bb.vc_custom_1536820039503{padding-top: 30px !important;}\u00a0\u00bb][vc_column_inner width=\u00a0\u00bb1\/2&Prime; offset=\u00a0\u00bbvc_col-lg-4 vc_col-md-6&Prime;][\/vc_column_inner][vc_column_inner width=\u00a0\u00bb1\/3&Prime; offset=\u00a0\u00bbvc_hidden-md vc_hidden-sm vc_hidden-xs\u00a0\u00bb][\/vc_column_inner][vc_column_inner width=\u00a0\u00bb1\/2&Prime; offset=\u00a0\u00bbvc_col-lg-4 vc_col-md-6&Prime;][\/vc_column_inner][\/vc_row_inner][\/vc_column][\/vc_row][vc_row full_width=\u00a0\u00bbstretch_row_content_no_spaces\u00a0\u00bb][\/vc_row][vc_row][vc_column][vc_column_inner css=\u00a0\u00bb.vc_custom_1775226459167{margin-bottom: 50px !important;}\u00a0\u00bb][vc_column_text css=\u00a0\u00bb.vc_custom_1775226909278{margin-top: 35px !important;}\u00a0\u00bb]Location de v\u00e9los \u00e9lectriques Fatbike sur le Golfe de Saint-Tropez, \u00e0 partir de notre boutique de Grimaud pour visiter Port-Grimaud, Sainte-Maxime, Saint-Tropez, Ramatuelle, Cogolin, La Foux, La Croix-Valmer, Gassin et les plages de Pampelone, de Tahiti, de l\u2019Escalet ou de la Nartelle.[\/vc_column_text][\/vc_column_inner][\/vc_column][\/vc_row]<\/p>\n","protected":false},"author":1,"featured_media":0,"parent":0,"menu_order":0,"comment_status":"closed","ping_status":"closed","template":"","meta":{"footnotes":""},"class_list":["post-2209","page","type-page","status-publish","hentry"],"yoast_head":"<!-- This site is optimized with the Yoast SEO plugin v27.3 - https:\/\/yoast.com\/product\/yoast-seo-wordpress\/ -->\n<title>Location de v\u00e9los Fatbike Grimaud Ste Maxime Saint-Tropez<\/title>\n<meta name=\"description\" content=\"Contactez RSR Bike \u00e0 Grimaud pour louer un v\u00e9lo fatbike \u00e9lectrique \u00e0 Saint-Tropez, Sainte-Maxime, Cogolin. T\u00e9l\u00e9phone, horaires\" \/>\n<meta name=\"robots\" content=\"index, follow, max-snippet:-1, max-image-preview:large, max-video-preview:-1\" \/>\n<link rel=\"canonical\" href=\"https:\/\/velo-electrique-location.fr\/index.php\/contact\/\" \/>\n<meta property=\"og:locale\" content=\"fr_FR\" \/>\n<meta property=\"og:type\" content=\"article\" \/>\n<meta property=\"og:title\" content=\"Location de v\u00e9los Fatbike Grimaud Ste Maxime Saint-Tropez\" \/>\n<meta property=\"og:description\" content=\"Contactez RSR Bike \u00e0 Grimaud pour louer un v\u00e9lo fatbike \u00e9lectrique \u00e0 Saint-Tropez, Sainte-Maxime, Cogolin. T\u00e9l\u00e9phone, horaires\" \/>\n<meta property=\"og:url\" content=\"https:\/\/velo-electrique-location.fr\/index.php\/contact\/\" \/>\n<meta property=\"og:site_name\" content=\"RSR Bike\" \/>\n<meta property=\"article:modified_time\" content=\"2026-04-09T13:56:09+00:00\" \/>\n<meta property=\"og:image\" content=\"https:\/\/www.rsrbike.fr\/wp-content\/uploads\/2025\/05\/Facebook_icon-icons.com_76213.png\" \/>\n<meta name=\"twitter:card\" content=\"summary_large_image\" \/>\n<meta name=\"twitter:label1\" content=\"Dur\u00e9e de lecture estim\u00e9e\" \/>\n\t<meta name=\"twitter:data1\" content=\"2 minutes\" \/>\n<script type=\"application\/ld+json\" class=\"yoast-schema-graph\">{\"@context\":\"https:\\\/\\\/schema.org\",\"@graph\":[{\"@type\":\"WebPage\",\"@id\":\"https:\\\/\\\/velo-electrique-location.fr\\\/index.php\\\/contact\\\/\",\"url\":\"https:\\\/\\\/velo-electrique-location.fr\\\/index.php\\\/contact\\\/\",\"name\":\"Location de v\u00e9los Fatbike Grimaud Ste Maxime Saint-Tropez\",\"isPartOf\":{\"@id\":\"https:\\\/\\\/velo-electrique-location.fr\\\/#website\"},\"primaryImageOfPage\":{\"@id\":\"https:\\\/\\\/velo-electrique-location.fr\\\/index.php\\\/contact\\\/#primaryimage\"},\"image\":{\"@id\":\"https:\\\/\\\/velo-electrique-location.fr\\\/index.php\\\/contact\\\/#primaryimage\"},\"thumbnailUrl\":\"https:\\\/\\\/www.rsrbike.fr\\\/wp-content\\\/uploads\\\/2025\\\/05\\\/Facebook_icon-icons.com_76213.png\",\"datePublished\":\"2025-05-25T13:54:10+00:00\",\"dateModified\":\"2026-04-09T13:56:09+00:00\",\"description\":\"Contactez RSR Bike \u00e0 Grimaud pour louer un v\u00e9lo fatbike \u00e9lectrique \u00e0 Saint-Tropez, Sainte-Maxime, Cogolin. T\u00e9l\u00e9phone, horaires\",\"breadcrumb\":{\"@id\":\"https:\\\/\\\/velo-electrique-location.fr\\\/index.php\\\/contact\\\/#breadcrumb\"},\"inLanguage\":\"fr-FR\",\"potentialAction\":[{\"@type\":\"ReadAction\",\"target\":[\"https:\\\/\\\/velo-electrique-location.fr\\\/index.php\\\/contact\\\/\"]}]},{\"@type\":\"ImageObject\",\"inLanguage\":\"fr-FR\",\"@id\":\"https:\\\/\\\/velo-electrique-location.fr\\\/index.php\\\/contact\\\/#primaryimage\",\"url\":\"https:\\\/\\\/www.rsrbike.fr\\\/wp-content\\\/uploads\\\/2025\\\/05\\\/Facebook_icon-icons.com_76213.png\",\"contentUrl\":\"https:\\\/\\\/www.rsrbike.fr\\\/wp-content\\\/uploads\\\/2025\\\/05\\\/Facebook_icon-icons.com_76213.png\"},{\"@type\":\"BreadcrumbList\",\"@id\":\"https:\\\/\\\/velo-electrique-location.fr\\\/index.php\\\/contact\\\/#breadcrumb\",\"itemListElement\":[{\"@type\":\"ListItem\",\"position\":1,\"name\":\"Accueil\",\"item\":\"https:\\\/\\\/velo-electrique-location.fr\\\/\"},{\"@type\":\"ListItem\",\"position\":2,\"name\":\"Contact\"}]},{\"@type\":\"WebSite\",\"@id\":\"https:\\\/\\\/velo-electrique-location.fr\\\/#website\",\"url\":\"https:\\\/\\\/velo-electrique-location.fr\\\/\",\"name\":\"RSR Bike\",\"description\":\"Location de v\u00e9lo \u00e9lectrique Saint-Tropez Grimaud Sainte-Maxime Cogolin Cavalaire Gassin La Croix-Valmer\",\"publisher\":{\"@id\":\"https:\\\/\\\/velo-electrique-location.fr\\\/#organization\"},\"potentialAction\":[{\"@type\":\"SearchAction\",\"target\":{\"@type\":\"EntryPoint\",\"urlTemplate\":\"https:\\\/\\\/velo-electrique-location.fr\\\/?s={search_term_string}\"},\"query-input\":{\"@type\":\"PropertyValueSpecification\",\"valueRequired\":true,\"valueName\":\"search_term_string\"}}],\"inLanguage\":\"fr-FR\"},{\"@type\":\"Organization\",\"@id\":\"https:\\\/\\\/velo-electrique-location.fr\\\/#organization\",\"name\":\"RSR Bike\",\"url\":\"https:\\\/\\\/velo-electrique-location.fr\\\/\",\"logo\":{\"@type\":\"ImageObject\",\"inLanguage\":\"fr-FR\",\"@id\":\"https:\\\/\\\/velo-electrique-location.fr\\\/#\\\/schema\\\/logo\\\/image\\\/\",\"url\":\"https:\\\/\\\/rsrbike.epartenaire.com\\\/wp-content\\\/uploads\\\/2025\\\/07\\\/11.jpg\",\"contentUrl\":\"https:\\\/\\\/rsrbike.epartenaire.com\\\/wp-content\\\/uploads\\\/2025\\\/07\\\/11.jpg\",\"width\":1920,\"height\":1080,\"caption\":\"RSR Bike\"},\"image\":{\"@id\":\"https:\\\/\\\/velo-electrique-location.fr\\\/#\\\/schema\\\/logo\\\/image\\\/\"}}]}<\/script>\n<!-- \/ Yoast SEO plugin. -->","yoast_head_json":{"title":"Location de v\u00e9los Fatbike Grimaud Ste Maxime Saint-Tropez","description":"Contactez RSR Bike \u00e0 Grimaud pour louer un v\u00e9lo fatbike \u00e9lectrique \u00e0 Saint-Tropez, Sainte-Maxime, Cogolin. T\u00e9l\u00e9phone, horaires","robots":{"index":"index","follow":"follow","max-snippet":"max-snippet:-1","max-image-preview":"max-image-preview:large","max-video-preview":"max-video-preview:-1"},"canonical":"https:\/\/velo-electrique-location.fr\/index.php\/contact\/","og_locale":"fr_FR","og_type":"article","og_title":"Location de v\u00e9los Fatbike Grimaud Ste Maxime Saint-Tropez","og_description":"Contactez RSR Bike \u00e0 Grimaud pour louer un v\u00e9lo fatbike \u00e9lectrique \u00e0 Saint-Tropez, Sainte-Maxime, Cogolin. T\u00e9l\u00e9phone, horaires","og_url":"https:\/\/velo-electrique-location.fr\/index.php\/contact\/","og_site_name":"RSR Bike","article_modified_time":"2026-04-09T13:56:09+00:00","og_image":[{"url":"https:\/\/www.rsrbike.fr\/wp-content\/uploads\/2025\/05\/Facebook_icon-icons.com_76213.png","type":"","width":"","height":""}],"twitter_card":"summary_large_image","twitter_misc":{"Dur\u00e9e de lecture estim\u00e9e":"2 minutes"},"schema":{"@context":"https:\/\/schema.org","@graph":[{"@type":"WebPage","@id":"https:\/\/velo-electrique-location.fr\/index.php\/contact\/","url":"https:\/\/velo-electrique-location.fr\/index.php\/contact\/","name":"Location de v\u00e9los Fatbike Grimaud Ste Maxime Saint-Tropez","isPartOf":{"@id":"https:\/\/velo-electrique-location.fr\/#website"},"primaryImageOfPage":{"@id":"https:\/\/velo-electrique-location.fr\/index.php\/contact\/#primaryimage"},"image":{"@id":"https:\/\/velo-electrique-location.fr\/index.php\/contact\/#primaryimage"},"thumbnailUrl":"https:\/\/www.rsrbike.fr\/wp-content\/uploads\/2025\/05\/Facebook_icon-icons.com_76213.png","datePublished":"2025-05-25T13:54:10+00:00","dateModified":"2026-04-09T13:56:09+00:00","description":"Contactez RSR Bike \u00e0 Grimaud pour louer un v\u00e9lo fatbike \u00e9lectrique \u00e0 Saint-Tropez, Sainte-Maxime, Cogolin. T\u00e9l\u00e9phone, horaires","breadcrumb":{"@id":"https:\/\/velo-electrique-location.fr\/index.php\/contact\/#breadcrumb"},"inLanguage":"fr-FR","potentialAction":[{"@type":"ReadAction","target":["https:\/\/velo-electrique-location.fr\/index.php\/contact\/"]}]},{"@type":"ImageObject","inLanguage":"fr-FR","@id":"https:\/\/velo-electrique-location.fr\/index.php\/contact\/#primaryimage","url":"https:\/\/www.rsrbike.fr\/wp-content\/uploads\/2025\/05\/Facebook_icon-icons.com_76213.png","contentUrl":"https:\/\/www.rsrbike.fr\/wp-content\/uploads\/2025\/05\/Facebook_icon-icons.com_76213.png"},{"@type":"BreadcrumbList","@id":"https:\/\/velo-electrique-location.fr\/index.php\/contact\/#breadcrumb","itemListElement":[{"@type":"ListItem","position":1,"name":"Accueil","item":"https:\/\/velo-electrique-location.fr\/"},{"@type":"ListItem","position":2,"name":"Contact"}]},{"@type":"WebSite","@id":"https:\/\/velo-electrique-location.fr\/#website","url":"https:\/\/velo-electrique-location.fr\/","name":"RSR Bike","description":"Location de v\u00e9lo \u00e9lectrique Saint-Tropez Grimaud Sainte-Maxime Cogolin Cavalaire Gassin La Croix-Valmer","publisher":{"@id":"https:\/\/velo-electrique-location.fr\/#organization"},"potentialAction":[{"@type":"SearchAction","target":{"@type":"EntryPoint","urlTemplate":"https:\/\/velo-electrique-location.fr\/?s={search_term_string}"},"query-input":{"@type":"PropertyValueSpecification","valueRequired":true,"valueName":"search_term_string"}}],"inLanguage":"fr-FR"},{"@type":"Organization","@id":"https:\/\/velo-electrique-location.fr\/#organization","name":"RSR Bike","url":"https:\/\/velo-electrique-location.fr\/","logo":{"@type":"ImageObject","inLanguage":"fr-FR","@id":"https:\/\/velo-electrique-location.fr\/#\/schema\/logo\/image\/","url":"https:\/\/rsrbike.epartenaire.com\/wp-content\/uploads\/2025\/07\/11.jpg","contentUrl":"https:\/\/rsrbike.epartenaire.com\/wp-content\/uploads\/2025\/07\/11.jpg","width":1920,"height":1080,"caption":"RSR Bike"},"image":{"@id":"https:\/\/velo-electrique-location.fr\/#\/schema\/logo\/image\/"}}]}},"_links":{"self":[{"href":"https:\/\/velo-electrique-location.fr\/index.php\/wp-json\/wp\/v2\/pages\/2209","targetHints":{"allow":["GET"]}}],"collection":[{"href":"https:\/\/velo-electrique-location.fr\/index.php\/wp-json\/wp\/v2\/pages"}],"about":[{"href":"https:\/\/velo-electrique-location.fr\/index.php\/wp-json\/wp\/v2\/types\/page"}],"author":[{"embeddable":true,"href":"https:\/\/velo-electrique-location.fr\/index.php\/wp-json\/wp\/v2\/users\/1"}],"replies":[{"embeddable":true,"href":"https:\/\/velo-electrique-location.fr\/index.php\/wp-json\/wp\/v2\/comments?post=2209"}],"version-history":[{"count":73,"href":"https:\/\/velo-electrique-location.fr\/index.php\/wp-json\/wp\/v2\/pages\/2209\/revisions"}],"predecessor-version":[{"id":2576,"href":"https:\/\/velo-electrique-location.fr\/index.php\/wp-json\/wp\/v2\/pages\/2209\/revisions\/2576"}],"wp:attachment":[{"href":"https:\/\/velo-electrique-location.fr\/index.php\/wp-json\/wp\/v2\/media?parent=2209"}],"curies":[{"name":"wp","href":"https:\/\/api.w.org\/{rel}","templated":true}]}}